{"id":1636,"date":"2018-12-17T13:59:14","date_gmt":"2018-12-17T12:59:14","guid":{"rendered":"https:\/\/wilmer.qodeinteractive.com\/?page_id=1636"},"modified":"2025-03-13T15:01:50","modified_gmt":"2025-03-13T14:01:50","slug":"about-us","status":"publish","type":"page","link":"https:\/\/www.tecfluid.it\/it\/about-us\/","title":{"rendered":"Chi siamo"},"content":{"rendered":"<p>[vc_row row_content_width=&#8221;grid&#8221; row_btt_skin=&#8221;light&#8221; row_background_text_position=&#8221;front&#8221; row_skin=&#8221;dark&#8221; css=&#8221;.vc_custom_1587557144491{padding-top: 110px !important;padding-bottom: 47px !important;}&#8221;][vc_column]<div class=\"mkdf-elements-holder   mkdf-three-columns  mkdf-responsive-mode-1024 \" ><div class=\"mkdf-eh-item    \"  data-item-class=\"mkdf-eh-custom-2138\" data-1367-1600=\"11px 0 29px 70px\" data-1025-1366=\"11px 0 29px 0px\" data-769-1024=\"11px 300px 0px 0\" data-681-768=\"11px 150px 0px 0\" data-680=\"11px 0 0px 0px\">\n\t<div class=\"mkdf-eh-item-inner\">\n\t\t<div class=\"mkdf-eh-item-content mkdf-eh-custom-2138\" style=\"padding: 11px 0 29px 74px\">\n\t\t\t<div class=\"mkdf-section-title-holder  mkdf-st-standard mkdf-st-title-left mkdf-st-normal-space \" >\n\t<div class=\"mkdf-st-inner\">\n                    <h6 class=\"mkdf-st-intro-title\" >\n                Rapidit\u00e0 e competenza nella realizzazione di            <\/h6>\n        \t\t\t\t\t<h2 class=\"mkdf-st-title\" >\n\t\t\t\tsistemi oleodinamici all\u2019avanguardia\t\t\t<\/h2>\n\t\t\t\t\t<\/div>\n<\/div>\t\t<\/div>\n\t<\/div>\n<\/div><div class=\"mkdf-eh-item    \"  data-item-class=\"mkdf-eh-custom-5933\" data-1367-1600=\"15px 44px 0 69px\" data-1025-1366=\"15px 0px 0 53px\" data-769-1024=\"0px 440px 22px 0px\" data-681-768=\"0px 280px 22px 0px\" data-680=\"0px 50px 22px 0px\">\n\t<div class=\"mkdf-eh-item-inner\">\n\t\t<div class=\"mkdf-eh-item-content mkdf-eh-custom-5933\" style=\"padding: 15px 29px 0 90px\">\n\t\t\t<div class=\"mkdf-iwt clearfix  mkdf-iwt-icon-top  mkdf-iwt-icon-medium\" >\n\t<div class=\"mkdf-iwt-icon\">\n\t\t\t\t\t\t\t\t\t<img decoding=\"async\" width=\"67\" height=\"76\" src=\"https:\/\/www.tecfluid.it\/wp-content\/uploads\/2022\/03\/Tecfluid-drop.png\" class=\"attachment-full size-full\" alt=\"\" \/>                \t\t\t<\/div>\n\t<div class=\"mkdf-iwt-content\" style=\"padding-top: 22px\">\n        \t\t\t\t\t<h4 class=\"mkdf-iwt-title\" style=\"margin-top: -4px\">\n\t\t\t\t\t\t\t\t<span class=\"mkdf-iwt-title-text\">Tecfluid, dal 2008 punto di riferimento del Made in Italy per la realizzazione di sistemi oleodinamici e intralogistici,<\/span>\n\t\t\t\t\t\t\t<\/h4>\n\t\t\t\t\t\t\t<p class=\"mkdf-iwt-text\" style=\"margin-top: 14px\">garantisce alte competenze tecniche e una rapida messa in atto del prodotto richiesto: due caratteristiche essenziali per il sostegno alle esigenze del cliente, grazie alle quali si \u00e8 imposta e continua a crescere sul mercato dell&#039;oleodinamica.<\/p>\n\t\t\t<\/div>\n<\/div>\t\t<\/div>\n\t<\/div>\n<\/div><\/div>[\/vc_column][\/vc_row][vc_row row_content_width=&#8221;grid&#8221; row_btt_skin=&#8221;light&#8221; row_background_text_position=&#8221;front&#8221; row_skin=&#8221;dark&#8221; css=&#8221;.vc_custom_1556102995046{padding-bottom: 122px !important;}&#8221;][vc_column]<div class=\"mkdf-elements-holder   mkdf-three-columns  mkdf-responsive-mode-1024 \" ><div class=\"mkdf-eh-item    \"  data-item-class=\"mkdf-eh-custom-1720\" data-1367-1600=\"0px 40px 0 73px\" data-1025-1366=\"0px 54px 0 0\" data-769-1024=\"0 440px 0 0\" data-681-768=\"0 280px 0 0\" data-680=\"0 50px 0 0\">\n\t<div class=\"mkdf-eh-item-inner\">\n\t\t<div class=\"mkdf-eh-item-content mkdf-eh-custom-1720\" style=\"padding: 0 44px 0 76px\">\n\t\t\t<div class=\"mkdf-iwt clearfix  mkdf-iwt-icon-top  mkdf-iwt-icon-medium\" >\n\t<div class=\"mkdf-iwt-icon\">\n\t\t\t\t\t\t\t\t\t<img decoding=\"async\" width=\"67\" height=\"76\" src=\"https:\/\/www.tecfluid.it\/wp-content\/uploads\/2022\/03\/Tecfluid-centro.png\" class=\"attachment-full size-full\" alt=\"\" \/>                \t\t\t<\/div>\n\t<div class=\"mkdf-iwt-content\" style=\"padding-top: 22px\">\n        \t\t\t\t\t<h4 class=\"mkdf-iwt-title\" >\n\t\t\t\t\t\t\t\t<span class=\"mkdf-iwt-title-text\">Fluidit\u00e0 di realizzazione<\/span>\n\t\t\t\t\t\t\t<\/h4>\n\t\t\t\t\t\t\t<p class=\"mkdf-iwt-text\" style=\"margin-top: 14px\">Tecfluid fa della fluidit\u00e0 di realizzazione delle richieste del cliente la propria cifra distintiva. L\u2019azienda, trasferitasi nel 2010 nella sede principale sita nella zona industriale di Reggio nell\u2019Emilia, ha da subito compreso l\u2019importanza di ascoltare con attenzione le richieste del cliente per poter concretizzare i pi\u00f9 innovativi sistemi oleodinamici rispondenti alle specificit\u00e0 di ogni necessit\u00e0.<\/p>\n\t\t\t<\/div>\n<\/div>\t\t<\/div>\n\t<\/div>\n<\/div><div class=\"mkdf-eh-item    \"  data-item-class=\"mkdf-eh-custom-1540\" data-1367-1600=\"0px 44px 0 74px\" data-1025-1366=\"0px 10px 0 33px\" data-769-1024=\"50px 440px 50px 1px\" data-681-768=\"50px 280px 50px 0px\" data-680=\"53px 50px 50px 0px\">\n\t<div class=\"mkdf-eh-item-inner\">\n\t\t<div class=\"mkdf-eh-item-content mkdf-eh-custom-1540\" style=\"padding: 0 37px 0 83px\">\n\t\t\t<div class=\"mkdf-iwt clearfix  mkdf-iwt-icon-top  mkdf-iwt-icon-medium\" >\n\t<div class=\"mkdf-iwt-icon\">\n\t\t\t\t\t\t\t\t\t<img decoding=\"async\" width=\"67\" height=\"76\" src=\"https:\/\/www.tecfluid.it\/wp-content\/uploads\/2022\/03\/Tecfluid-team.png\" class=\"attachment-full size-full\" alt=\"\" \/>                \t\t\t<\/div>\n\t<div class=\"mkdf-iwt-content\" style=\"padding-top: 22px\">\n        \t\t\t\t\t<h4 class=\"mkdf-iwt-title\" style=\"margin-top: -4px\">\n\t\t\t\t\t\t\t\t<span class=\"mkdf-iwt-title-text\">Squadra tecnica<\/span>\n\t\t\t\t\t\t\t<\/h4>\n\t\t\t\t\t\t\t<p class=\"mkdf-iwt-text\" style=\"margin-top: 14px\">Fin dalla fase di progettazione, Tecfluid accompagna i propri clienti comprendendone le esigenze e realizzando nel pi\u00f9 rapido tempo possibile il prodotto richiesto. Un\u2019esperta squadra di Tecnici Commerciali e di Operatori Specializzati assiste ogni fase del lavoro: dalla prima presentazione delle necessit\u00e0 alla proposta di soluzioni adeguate nel minor tempo possibile. Oltre all\u2019attiva ricerca e sviluppo di sistemi oleodinamici, Tecfluid si contraddistingue anche per competenze elettroniche, che le permettono di offrire prodotti con integrati sistemi di controllo elettrico e, dunque, una funzionalit\u00e0 autonoma ed efficace.<\/p>\n\t\t\t<\/div>\n<\/div>\t\t<\/div>\n\t<\/div>\n<\/div><\/div>[\/vc_column][\/vc_row][vc_row row_content_width=&#8221;grid&#8221; row_btt_skin=&#8221;light&#8221; disable_background_image=&#8221;&#8221; row_background_text_position=&#8221;front&#8221; row_skin=&#8221;dark&#8221; css=&#8221;.vc_custom_1647607327830{padding-top: 113px !important;padding-bottom: 113px !important;background-position: 0 0 !important;background-repeat: no-repeat !important;}&#8221; simple_background_image=&#8221;8102&#8243;][vc_column offset=&#8221;vc_col-lg-offset-6 vc_col-lg-6&#8243; css=&#8221;.vc_custom_1552990378674{padding-right: 15px !important;padding-left: 28px !important;}&#8221; el_class=&#8221;.mkdf-different-button-hover&#8221;]<div class=\"mkdf-elements-holder   mkdf-one-column  mkdf-responsive-mode-768 \" ><div class=\"mkdf-eh-item    \" style=\"background-image: url(https:\/\/www.tecfluid.it\/wp-content\/uploads\/2022\/03\/Tecfluid-fondo-red.png)\" data-item-class=\"mkdf-eh-custom-2302\" data-1367-1600=\"76px 100px 85px 106px\" data-1025-1366=\"76px 90px 85px 90px\" data-769-1024=\"76px 280px 85px 86px\" data-681-768=\"76px 110px 85px 120px\" data-680=\"35px 20px 45px 22px\">\n\t<div class=\"mkdf-eh-item-inner\">\n\t\t<div class=\"mkdf-eh-item-content mkdf-eh-custom-2302\" style=\"padding: 76px 100px 85px 106px\">\n\t\t\t<div class=\"mkdf-section-title-holder  mkdf-st-standard mkdf-st-title-left mkdf-st-normal-space \" >\n\t<div class=\"mkdf-st-inner\">\n        \t\t\t\t\t<h3 class=\"mkdf-st-title\" style=\"color: #ffffff\">\n\t\t\t\tTecfluid guarda<br \/> anche al futuro\t\t\t<\/h3>\n\t\t\t\t\t\t\t<h5 class=\"mkdf-st-text\" style=\"color: #ffffff;font-size: 18px;line-height: 26px;font-weight: 300;margin-top: 21px\">\n\t\t\t\te investe nella ricerca per il risparmio energetico nella produzione e sull\u2019incremento del rendimento meccanico e idraulico dei sistemi realizzati: ad oggi, a parit\u00e0 di prestazioni, l\u2019azienda \u00e8 riuscita a raggiungere una riduzione dei consumi del\t\t\t<\/h5>\n\t\t\t<\/div>\n<\/div><div class=\"mkdf-section-title-holder  mkdf-st-standard mkdf-st-title-left mkdf-st-normal-space \" >\n\t<div class=\"mkdf-st-inner\">\n        \t\t\t\t\t\t\t<h5 class=\"mkdf-st-text\" style=\"color: #ffffff;font-size: 18px;line-height: 26px;font-weight: 500;margin-top: 5px\">\n\t\t\t\t20% allungando la vita delle batterie ed evidenziandone un importante vantaggio economico.\t\t\t<\/h5>\n\t\t\t<\/div>\n<\/div>\t\t<\/div>\n\t<\/div>\n<\/div><\/div>[\/vc_column][\/vc_row][vc_row row_content_width=&#8221;grid&#8221; row_btt_skin=&#8221;light&#8221; row_background_text_position=&#8221;front&#8221; row_skin=&#8221;dark&#8221; css=&#8221;.vc_custom_1648201577380{padding-top: 80px !important;padding-bottom: 20px !important;}&#8221;][vc_column]<div class=\"mkdf-elements-holder   mkdf-three-columns  mkdf-responsive-mode-1024 \" ><div class=\"mkdf-eh-item    \"  data-item-class=\"mkdf-eh-custom-8337\" data-1367-1600=\"0px 40px 0 73px\" data-1025-1366=\"0px 54px 0 0\" data-769-1024=\"0 440px 0 0\" data-681-768=\"0 280px 0 0\" data-680=\"0 50px 0 0\">\n\t<div class=\"mkdf-eh-item-inner\">\n\t\t<div class=\"mkdf-eh-item-content mkdf-eh-custom-8337\" style=\"padding: 0 44px 0 76px\">\n\t\t\t<div class=\"mkdf-iwt clearfix  mkdf-iwt-icon-top  mkdf-iwt-icon-medium\" >\n\t<div class=\"mkdf-iwt-icon\">\n\t\t\t\t\t\t\t\t\t<img decoding=\"async\" width=\"67\" height=\"76\" src=\"https:\/\/www.tecfluid.it\/wp-content\/uploads\/2022\/03\/pin-Tecfluid.png\" class=\"attachment-full size-full\" alt=\"\" \/>                \t\t\t<\/div>\n\t<div class=\"mkdf-iwt-content\" style=\"padding-top: 22px\">\n        \t\t\t\t\t\t\t<p class=\"mkdf-iwt-text\" style=\"margin-top: 14px\">In pochi anni Tecfluid ha saputo sviluppare solide collaborazioni con aziende appartenenti a differenti settori industriali, e gi\u00e0 nel 2015 segna il primo grande traguardo di 50.000 centraline prodotte. Grazie a partnership che condividono la stessa mission, Tecfluid \u00e8 presente sul mercato internazionale con un\u2019attiva rete distributiva dislocata a livello mondiale, e ha saputo condividere il proprio modello produttivo nel commercio mondiale dei sistemi oleodinamici.<\/p>\n\t\t\t<\/div>\n<\/div>\t\t<\/div>\n\t<\/div>\n<\/div><div class=\"mkdf-eh-item    \"  data-item-class=\"mkdf-eh-custom-2174\" data-1367-1600=\"0px 44px 0 74px\" data-1025-1366=\"0px 10px 0 33px\" data-769-1024=\"50px 440px 50px 1px\" data-681-768=\"50px 280px 50px 0px\" data-680=\"53px 50px 50px 0px\">\n\t<div class=\"mkdf-eh-item-inner\">\n\t\t<div class=\"mkdf-eh-item-content mkdf-eh-custom-2174\" style=\"padding: 0 37px 0 83px\">\n\t\t\t<div class=\"mkdf-iwt clearfix  mkdf-iwt-icon-top  mkdf-iwt-icon-medium\" >\n\t<div class=\"mkdf-iwt-icon\">\n\t\t\t\t\t\t\t\t\t<img decoding=\"async\" width=\"67\" height=\"76\" src=\"https:\/\/www.tecfluid.it\/wp-content\/uploads\/2022\/03\/World-Tecfluid.png\" class=\"attachment-full size-full\" alt=\"\" \/>                \t\t\t<\/div>\n\t<div class=\"mkdf-iwt-content\" style=\"padding-top: 22px\">\n        \t\t\t\t\t<\/div>\n<\/div>[vc_single_image image=&#8221;8197&#8243; img_size=&#8221;full&#8221; alignment=&#8221;center&#8221; onclick=&#8221;img_link_large&#8221; img_link_target=&#8221;_blank&#8221;]\t\t<\/div>\n\t<\/div>\n<\/div><\/div>[\/vc_column][\/vc_row][vc_row row_content_width=&#8221;grid&#8221; row_btt_skin=&#8221;light&#8221; row_background_text_position=&#8221;front&#8221; row_skin=&#8221;dark&#8221; css=&#8221;.vc_custom_1648201548993{padding-bottom: 110px !important;}&#8221;][vc_column]<div class=\"mkdf-elements-holder  mkdf-eh-full-height mkdf-one-column  mkdf-responsive-mode-768 \" ><div class=\"mkdf-eh-item    \"  data-item-class=\"mkdf-eh-custom-6813\" data-1367-1600=\"0px 40px 0 73px\" data-1025-1366=\"0px 54px 0 0\" data-769-1024=\"0 440px 0 0\" data-681-768=\"0 280px 0 0\" data-680=\"0 50px 0 0\">\n\t<div class=\"mkdf-eh-item-inner\">\n\t\t<div class=\"mkdf-eh-item-content mkdf-eh-custom-6813\" style=\"padding: 0 44px 0 70px\">\n\t\t\t[vc_column_text]Oggi l\u2019azienda continua a crescere, grazie all\u2019eccellente imprenditorialit\u00e0 dei suoi fondatori e alla capacit\u00e0 di interpretare e realizzare il pi\u00f9 dinamico prodotto che risponda alle esigenze dei singoli clienti.[\/vc_column_text][vc_empty_space]<div class=\"mkdf-horizontal-timeline\" data-distance=\"60\">\n\t<div class=\"mkdf-ht-nav\">\n\t\t<div class=\"mkdf-ht-nav-wrapper\">\n\t\t\t<div class=\"mkdf-ht-nav-inner\">\n\t\t\t\t<ol>\n\t\t\t\t\t\t\t\t\t\t\t<li>\n\t\t\t\t\t\t    <a href=\"#\" data-date=\"01\/01\/2008\">2008<\/a>\n                        <\/li>\n\t\t\t\t\t\t\t\t\t\t\t<li>\n\t\t\t\t\t\t    <a href=\"#\" data-date=\"01\/01\/2011\">2011<\/a>\n                        <\/li>\n\t\t\t\t\t\t\t\t\t\t\t<li>\n\t\t\t\t\t\t    <a href=\"#\" data-date=\"01\/01\/2015\">2015<\/a>\n                        <\/li>\n\t\t\t\t\t\t\t\t\t\t\t<li>\n\t\t\t\t\t\t    <a href=\"#\" data-date=\"01\/01\/2016\">2016<\/a>\n                        <\/li>\n\t\t\t\t\t\t\t\t\t\t\t<li>\n\t\t\t\t\t\t    <a href=\"#\" data-date=\"01\/01\/2017\">2017<\/a>\n                        <\/li>\n\t\t\t\t\t\t\t\t\t\t\t<li>\n\t\t\t\t\t\t    <a href=\"#\" data-date=\"01\/01\/2018\">2018<\/a>\n                        <\/li>\n\t\t\t\t\t\t\t\t\t\t\t<li>\n\t\t\t\t\t\t    <a href=\"#\" data-date=\"01\/01\/2019\">2019<\/a>\n                        <\/li>\n\t\t\t\t\t\t\t\t\t\t\t<li>\n\t\t\t\t\t\t    <a href=\"#\" data-date=\"01\/01\/2020\">2020<\/a>\n                        <\/li>\n\t\t\t\t\t\t\t\t\t\t\t<li>\n\t\t\t\t\t\t    <a href=\"#\" data-date=\"01\/01\/2021\">2021<\/a>\n                        <\/li>\n\t\t\t\t\t\t\t\t\t<\/ol>\n\t\t\t\t<span class=\"mkdf-ht-nav-filling-line\" aria-hidden=\"true\"><\/span>\n\t\t\t<\/div>\n\t\t<\/div>\n\t\t<ul class=\"mkdf-ht-nav-navigation\">\n\t\t\t<li><a href=\"#\" class=\"mkdf-prev mkdf-inactive\"><\/a><\/li>\n\t\t\t<li><a href=\"#\" class=\"mkdf-next\"><\/a><\/li>\n\t\t<\/ul>\n\t<\/div>\n\t<div class=\"mkdf-ht-content\">\n\t\t<ol>\n\t\t\t<li data-date=\"01\/01\/2008\">\n\t<div class=\"mkdf-hti-content-inner mkdf-timeline-no-image\">\n\t\t\t\t<div class=\"mkdf-hti-content-value\">\n\t\t\t[vc_icon icon_fontawesome=&#8221;fas fa-arrow-down&#8221; color=&#8221;custom&#8221; align=&#8221;center&#8221; custom_color=&#8221;#ba121d&#8221;][vc_custom_heading text=&#8221;Anno di fondazione&#8221; font_container=&#8221;tag:h4|text_align:center&#8221; use_theme_fonts=&#8221;yes&#8221; css_animation=&#8221;fadeIn&#8221;]\t\t<\/div>\n\t<\/div>\n<\/li><li data-date=\"01\/01\/2011\">\n\t<div class=\"mkdf-hti-content-inner mkdf-timeline-no-image\">\n\t\t\t\t<div class=\"mkdf-hti-content-value\">\n\t\t\t[vc_icon icon_fontawesome=&#8221;fas fa-arrow-down&#8221; color=&#8221;custom&#8221; align=&#8221;center&#8221; custom_color=&#8221;#ba121d&#8221;][vc_custom_heading text=&#8221;Trasferimento nella sede attuale&#8221; font_container=&#8221;tag:h4|text_align:center&#8221; use_theme_fonts=&#8221;yes&#8221; css_animation=&#8221;fadeIn&#8221;]\t\t<\/div>\n\t<\/div>\n<\/li><li data-date=\"01\/01\/2015\">\n\t<div class=\"mkdf-hti-content-inner mkdf-timeline-no-image\">\n\t\t\t\t<div class=\"mkdf-hti-content-value\">\n\t\t\t[vc_icon icon_fontawesome=&#8221;fas fa-arrow-down&#8221; color=&#8221;custom&#8221; align=&#8221;center&#8221; custom_color=&#8221;#ba121d&#8221;][vc_custom_heading text=&#8221;Collaborazione con ARES Elettronica&#8221; font_container=&#8221;tag:h4|text_align:center&#8221; use_theme_fonts=&#8221;yes&#8221; css_animation=&#8221;fadeIn&#8221;]\t\t<\/div>\n\t<\/div>\n<\/li><li data-date=\"01\/01\/2016\">\n\t<div class=\"mkdf-hti-content-inner mkdf-timeline-no-image\">\n\t\t\t\t<div class=\"mkdf-hti-content-value\">\n\t\t\t[vc_icon icon_fontawesome=&#8221;fas fa-arrow-down&#8221; color=&#8221;custom&#8221; align=&#8221;center&#8221; custom_color=&#8221;#ba121d&#8221;][vc_custom_heading text=&#8221;Collaborazione con DAHAE INT. (Corea del Sud)&#8221; font_container=&#8221;tag:h4|text_align:center&#8221; use_theme_fonts=&#8221;yes&#8221; css_animation=&#8221;fadeIn&#8221;]\t\t<\/div>\n\t<\/div>\n<\/li><li data-date=\"01\/01\/2017\">\n\t<div class=\"mkdf-hti-content-inner mkdf-timeline-no-image\">\n\t\t\t\t<div class=\"mkdf-hti-content-value\">\n\t\t\t[vc_icon icon_fontawesome=&#8221;fas fa-arrow-down&#8221; color=&#8221;custom&#8221; align=&#8221;center&#8221; custom_color=&#8221;#ba121d&#8221;][vc_custom_heading text=&#8221;Collaborazione con PRO E CON (Regno Unito)&#8221; font_container=&#8221;tag:h4|text_align:center&#8221; use_theme_fonts=&#8221;yes&#8221; css_animation=&#8221;fadeIn&#8221;]\t\t<\/div>\n\t<\/div>\n<\/li><li data-date=\"01\/01\/2018\">\n\t<div class=\"mkdf-hti-content-inner mkdf-timeline-no-image\">\n\t\t\t\t<div class=\"mkdf-hti-content-value\">\n\t\t\t[vc_icon icon_fontawesome=&#8221;fas fa-arrow-down&#8221; color=&#8221;custom&#8221; align=&#8221;center&#8221; custom_color=&#8221;#ba121d&#8221;][vc_custom_heading text=&#8221;Collaborazione con EFFEELLE&#8221; font_container=&#8221;tag:h4|text_align:center&#8221; use_theme_fonts=&#8221;yes&#8221; css_animation=&#8221;fadeIn&#8221;]\t\t<\/div>\n\t<\/div>\n<\/li><li data-date=\"01\/01\/2019\">\n\t<div class=\"mkdf-hti-content-inner mkdf-timeline-no-image\">\n\t\t\t\t<div class=\"mkdf-hti-content-value\">\n\t\t\t[vc_icon icon_fontawesome=&#8221;fas fa-arrow-down&#8221; color=&#8221;custom&#8221; align=&#8221;center&#8221; custom_color=&#8221;#ba121d&#8221;][vc_custom_heading text=&#8221;ISO9001&#8243; font_container=&#8221;tag:h4|text_align:center&#8221; use_theme_fonts=&#8221;yes&#8221; css_animation=&#8221;fadeIn&#8221;]\t\t<\/div>\n\t<\/div>\n<\/li><li data-date=\"01\/01\/2020\">\n\t<div class=\"mkdf-hti-content-inner mkdf-timeline-no-image\">\n\t\t\t\t<div class=\"mkdf-hti-content-value\">\n\t\t\t[vc_icon icon_fontawesome=&#8221;fas fa-arrow-down&#8221; color=&#8221;custom&#8221; align=&#8221;center&#8221; custom_color=&#8221;#ba121d&#8221;][vc_custom_heading text=&#8221;TECFLUID KOREA LLC&#8221; font_container=&#8221;tag:h4|text_align:center&#8221; use_theme_fonts=&#8221;yes&#8221; css_animation=&#8221;fadeIn&#8221;]\t\t<\/div>\n\t<\/div>\n<\/li><li data-date=\"01\/01\/2021\">\n\t<div class=\"mkdf-hti-content-inner mkdf-timeline-no-image\">\n\t\t\t\t<div class=\"mkdf-hti-content-value\">\n\t\t\t[vc_icon icon_fontawesome=&#8221;fas fa-arrow-down&#8221; color=&#8221;custom&#8221; align=&#8221;center&#8221; custom_color=&#8221;#ba121d&#8221;][vc_custom_heading text=&#8221;Collaborazione con E-CHRONOS&#8221; font_container=&#8221;tag:h4|text_align:center&#8221; use_theme_fonts=&#8221;yes&#8221; css_animation=&#8221;fadeIn&#8221;]\t\t<\/div>\n\t<\/div>\n<\/li>\t\t<\/ol>\n\t<\/div>\n<\/div>\t\t<\/div>\n\t<\/div>\n<\/div><\/div>[vc_empty_space][\/vc_column][\/vc_row]<\/p>\n","protected":false},"excerpt":{"rendered":"<p>[vc_row row_content_width=&#8221;grid&#8221; row_btt_skin=&#8221;light&#8221; row_background_text_position=&#8221;front&#8221; row_skin=&#8221;dark&#8221; css=&#8221;.vc_custom_1587557144491{padding-top: 110px !important;padding-bottom: 47px !important;}&#8221;][vc_column][\/vc_column][\/vc_row][vc_row [&hellip;]<\/p>\n","protected":false},"author":1,"featured_media":0,"parent":0,"menu_order":0,"comment_status":"closed","ping_status":"closed","template":"full-width.php","meta":{"footnotes":""},"class_list":["post-1636","page","type-page","status-publish","hentry"],"yoast_head":"<!-- This site is optimized with the Yoast SEO plugin v27.5 - https:\/\/yoast.com\/product\/yoast-seo-wordpress\/ -->\n<title>Chi siamo - Tecfluid<\/title>\n<meta name=\"robots\" content=\"index, follow, max-snippet:-1, max-image-preview:large, max-video-preview:-1\" \/>\n<link rel=\"canonical\" href=\"https:\/\/www.tecfluid.it\/it\/about-us\/\" \/>\n<meta property=\"og:locale\" content=\"it_IT\" \/>\n<meta property=\"og:type\" content=\"article\" \/>\n<meta property=\"og:title\" content=\"Chi siamo - Tecfluid\" \/>\n<meta property=\"og:description\" content=\"[vc_row row_content_width=&#8221;grid&#8221; row_btt_skin=&#8221;light&#8221; row_background_text_position=&#8221;front&#8221; row_skin=&#8221;dark&#8221; css=&#8221;.vc_custom_1587557144491{padding-top: 110px !important;padding-bottom: 47px !important;}&#8221;][vc_column][\/vc_column][\/vc_row][vc_row [&hellip;]\" \/>\n<meta property=\"og:url\" content=\"https:\/\/www.tecfluid.it\/it\/about-us\/\" \/>\n<meta property=\"og:site_name\" content=\"Tecfluid\" \/>\n<meta property=\"article:modified_time\" content=\"2025-03-13T14:01:50+00:00\" \/>\n<meta name=\"twitter:card\" content=\"summary_large_image\" \/>\n<meta name=\"twitter:label1\" content=\"Tempo di lettura stimato\" \/>\n\t<meta name=\"twitter:data1\" content=\"6 minuti\" \/>\n<script type=\"application\/ld+json\" class=\"yoast-schema-graph\">{\"@context\":\"https:\\\/\\\/schema.org\",\"@graph\":[{\"@type\":\"WebPage\",\"@id\":\"https:\\\/\\\/www.tecfluid.it\\\/it\\\/about-us\\\/\",\"url\":\"https:\\\/\\\/www.tecfluid.it\\\/it\\\/about-us\\\/\",\"name\":\"Chi siamo - Tecfluid\",\"isPartOf\":{\"@id\":\"https:\\\/\\\/www.tecfluid.it\\\/it\\\/#website\"},\"datePublished\":\"2018-12-17T12:59:14+00:00\",\"dateModified\":\"2025-03-13T14:01:50+00:00\",\"breadcrumb\":{\"@id\":\"https:\\\/\\\/www.tecfluid.it\\\/it\\\/about-us\\\/#breadcrumb\"},\"inLanguage\":\"it-IT\",\"potentialAction\":[{\"@type\":\"ReadAction\",\"target\":[\"https:\\\/\\\/www.tecfluid.it\\\/it\\\/about-us\\\/\"]}]},{\"@type\":\"BreadcrumbList\",\"@id\":\"https:\\\/\\\/www.tecfluid.it\\\/it\\\/about-us\\\/#breadcrumb\",\"itemListElement\":[{\"@type\":\"ListItem\",\"position\":1,\"name\":\"Home\",\"item\":\"https:\\\/\\\/www.tecfluid.it\\\/it\\\/\"},{\"@type\":\"ListItem\",\"position\":2,\"name\":\"Chi siamo\"}]},{\"@type\":\"WebSite\",\"@id\":\"https:\\\/\\\/www.tecfluid.it\\\/it\\\/#website\",\"url\":\"https:\\\/\\\/www.tecfluid.it\\\/it\\\/\",\"name\":\"Tecfluid\",\"description\":\"\",\"publisher\":{\"@id\":\"https:\\\/\\\/www.tecfluid.it\\\/it\\\/#organization\"},\"potentialAction\":[{\"@type\":\"SearchAction\",\"target\":{\"@type\":\"EntryPoint\",\"urlTemplate\":\"https:\\\/\\\/www.tecfluid.it\\\/it\\\/?s={search_term_string}\"},\"query-input\":{\"@type\":\"PropertyValueSpecification\",\"valueRequired\":true,\"valueName\":\"search_term_string\"}}],\"inLanguage\":\"it-IT\"},{\"@type\":\"Organization\",\"@id\":\"https:\\\/\\\/www.tecfluid.it\\\/it\\\/#organization\",\"name\":\"Tecfluid\",\"url\":\"https:\\\/\\\/www.tecfluid.it\\\/it\\\/\",\"logo\":{\"@type\":\"ImageObject\",\"inLanguage\":\"it-IT\",\"@id\":\"https:\\\/\\\/www.tecfluid.it\\\/it\\\/#\\\/schema\\\/logo\\\/image\\\/\",\"url\":\"https:\\\/\\\/www.tecfluid.it\\\/wp-content\\\/uploads\\\/2022\\\/09\\\/TECFLUID-logo-verticale-1.jpg\",\"contentUrl\":\"https:\\\/\\\/www.tecfluid.it\\\/wp-content\\\/uploads\\\/2022\\\/09\\\/TECFLUID-logo-verticale-1.jpg\",\"width\":354,\"height\":336,\"caption\":\"Tecfluid\"},\"image\":{\"@id\":\"https:\\\/\\\/www.tecfluid.it\\\/it\\\/#\\\/schema\\\/logo\\\/image\\\/\"},\"sameAs\":[\"https:\\\/\\\/www.linkedin.com\\\/company\\\/tecfluid-srl\\\/\"]}]}<\/script>\n<!-- \/ Yoast SEO plugin. -->","yoast_head_json":{"title":"Chi siamo - Tecfluid","robots":{"index":"index","follow":"follow","max-snippet":"max-snippet:-1","max-image-preview":"max-image-preview:large","max-video-preview":"max-video-preview:-1"},"canonical":"https:\/\/www.tecfluid.it\/it\/about-us\/","og_locale":"it_IT","og_type":"article","og_title":"Chi siamo - Tecfluid","og_description":"[vc_row row_content_width=&#8221;grid&#8221; row_btt_skin=&#8221;light&#8221; row_background_text_position=&#8221;front&#8221; row_skin=&#8221;dark&#8221; css=&#8221;.vc_custom_1587557144491{padding-top: 110px !important;padding-bottom: 47px !important;}&#8221;][vc_column][\/vc_column][\/vc_row][vc_row [&hellip;]","og_url":"https:\/\/www.tecfluid.it\/it\/about-us\/","og_site_name":"Tecfluid","article_modified_time":"2025-03-13T14:01:50+00:00","twitter_card":"summary_large_image","twitter_misc":{"Tempo di lettura stimato":"6 minuti"},"schema":{"@context":"https:\/\/schema.org","@graph":[{"@type":"WebPage","@id":"https:\/\/www.tecfluid.it\/it\/about-us\/","url":"https:\/\/www.tecfluid.it\/it\/about-us\/","name":"Chi siamo - Tecfluid","isPartOf":{"@id":"https:\/\/www.tecfluid.it\/it\/#website"},"datePublished":"2018-12-17T12:59:14+00:00","dateModified":"2025-03-13T14:01:50+00:00","breadcrumb":{"@id":"https:\/\/www.tecfluid.it\/it\/about-us\/#breadcrumb"},"inLanguage":"it-IT","potentialAction":[{"@type":"ReadAction","target":["https:\/\/www.tecfluid.it\/it\/about-us\/"]}]},{"@type":"BreadcrumbList","@id":"https:\/\/www.tecfluid.it\/it\/about-us\/#breadcrumb","itemListElement":[{"@type":"ListItem","position":1,"name":"Home","item":"https:\/\/www.tecfluid.it\/it\/"},{"@type":"ListItem","position":2,"name":"Chi siamo"}]},{"@type":"WebSite","@id":"https:\/\/www.tecfluid.it\/it\/#website","url":"https:\/\/www.tecfluid.it\/it\/","name":"Tecfluid","description":"","publisher":{"@id":"https:\/\/www.tecfluid.it\/it\/#organization"},"potentialAction":[{"@type":"SearchAction","target":{"@type":"EntryPoint","urlTemplate":"https:\/\/www.tecfluid.it\/it\/?s={search_term_string}"},"query-input":{"@type":"PropertyValueSpecification","valueRequired":true,"valueName":"search_term_string"}}],"inLanguage":"it-IT"},{"@type":"Organization","@id":"https:\/\/www.tecfluid.it\/it\/#organization","name":"Tecfluid","url":"https:\/\/www.tecfluid.it\/it\/","logo":{"@type":"ImageObject","inLanguage":"it-IT","@id":"https:\/\/www.tecfluid.it\/it\/#\/schema\/logo\/image\/","url":"https:\/\/www.tecfluid.it\/wp-content\/uploads\/2022\/09\/TECFLUID-logo-verticale-1.jpg","contentUrl":"https:\/\/www.tecfluid.it\/wp-content\/uploads\/2022\/09\/TECFLUID-logo-verticale-1.jpg","width":354,"height":336,"caption":"Tecfluid"},"image":{"@id":"https:\/\/www.tecfluid.it\/it\/#\/schema\/logo\/image\/"},"sameAs":["https:\/\/www.linkedin.com\/company\/tecfluid-srl\/"]}]}},"_links":{"self":[{"href":"https:\/\/www.tecfluid.it\/it\/wp-json\/wp\/v2\/pages\/1636","targetHints":{"allow":["GET"]}}],"collection":[{"href":"https:\/\/www.tecfluid.it\/it\/wp-json\/wp\/v2\/pages"}],"about":[{"href":"https:\/\/www.tecfluid.it\/it\/wp-json\/wp\/v2\/types\/page"}],"author":[{"embeddable":true,"href":"https:\/\/www.tecfluid.it\/it\/wp-json\/wp\/v2\/users\/1"}],"replies":[{"embeddable":true,"href":"https:\/\/www.tecfluid.it\/it\/wp-json\/wp\/v2\/comments?post=1636"}],"version-history":[{"count":118,"href":"https:\/\/www.tecfluid.it\/it\/wp-json\/wp\/v2\/pages\/1636\/revisions"}],"predecessor-version":[{"id":9768,"href":"https:\/\/www.tecfluid.it\/it\/wp-json\/wp\/v2\/pages\/1636\/revisions\/9768"}],"wp:attachment":[{"href":"https:\/\/www.tecfluid.it\/it\/wp-json\/wp\/v2\/media?parent=1636"}],"curies":[{"name":"wp","href":"https:\/\/api.w.org\/{rel}","templated":true}]}}