{"id":3,"date":"2022-02-09T15:09:28","date_gmt":"2022-02-09T14:09:28","guid":{"rendered":"https:\/\/www.tecfluid.it\/?page_id=3"},"modified":"2022-09-29T12:50:02","modified_gmt":"2022-09-29T10:50:02","slug":"privacy-policy-22","status":"publish","type":"page","link":"https:\/\/www.tecfluid.it\/it\/privacy-policy-22\/","title":{"rendered":"Privacy Policy"},"content":{"rendered":"<p>[vc_row row_btt_skin=&#8221;light&#8221; row_background_text_position=&#8221;front&#8221;][vc_column][vc_column_text]<\/p>\n<div class=\"center-align conf-pad\">\n<h2 class=\"blue-2-title\"><\/h2>\n<\/div>\n<div class=\"page-text\">\n<h4 class=\"blue-4-title\">Perch\u00e9 questo avviso<\/h4>\n<p>In questa pagina si descrivono le modalit\u00e0 di gestione del sito in riferimento al trattamento dei dati personali degli utenti che lo consultano.<br \/>\nSi tratta di un&#8217;informativa che \u00e8 resa anche ai sensi dell&#8217;art. 13 del d.lgs. n. 196\/2003 &#8211; Codice in materia di protezione dei dati personali a coloro che interagiscono con i servizi web accessibili per via telematica a partire dall&#8217;indirizzo: <a href=\"http:\/\/www.tecfluid.it\">http:\/\/www.tecfluid.it\/<\/a>.<br \/>\nL&#8217;informativa \u00e8 resa solo per il sito in oggetto e non anche per altri siti web eventualmente consultati dall&#8217;utente tramite link.<\/p>\n<h4 class=\"blue-4-title\">Il titolare del trattamento<\/h4>\n<p>A seguito della consultazione di questo sito possono essere trattati dati relativi a persone identificate o identificabili.<br \/>\nIl &#8220;titolare&#8221; del loro trattamento \u00e8 TECFLUID S.r.l., che ha sede in Via Ragazzi del 99, n.38 Reggio Emilia &#8211; tel. 0522 926369 &#8211; fax 0522 922440.<\/p>\n<h4 class=\"blue-4-title\">Luogo di trattamento dei dati<\/h4>\n<p>I trattamenti connessi ai servizi web di questo sito (fisicamente posto &#8220;in hosting&#8221; presso Confianza Soc. Coop.) sono effettuati presso la sede del &#8220;titolare&#8221; del trattamento e sono curati solo da personale dell&#8217;ufficio incaricato del trattamento, oppure da eventuali incaricati di occasionali operazioni di manutenzione.<br \/>\nNessun dato derivante dal servizio web viene comunicato o diffuso.<\/p>\n<h4 class=\"blue-4-title\">Finalit\u00e0 del trattamento dei dati<\/h4>\n<p>I dati personali forniti dagli utenti sono utilizzati al solo fine di eseguire il servizio richiesto e non sono comunicati a terzi, salvo che la comunicazione sia imposta da obblighi di legge o sia strettamente necessaria per l&#8217;adempimento delle richieste.<\/p>\n<h4 class=\"blue-4-title\">Facoltativit\u00e0 del trattamento dei dati<\/h4>\n<p>A parte quanto specificato per i dati di navigazione, l&#8217;utente \u00e8 libero di fornire i dati personali riportati nei moduli di richiesta o comunque indicati in contatti per sollecitare l&#8217;invio di materiale informativo o di altre comunicazioni.<br \/>\nIl loro mancato conferimento pu\u00f2 comportare l&#8217;impossibilit\u00e0 di ottenere quanto richiesto.<br \/>\nPer completezza va ricordato che in alcuni casi (non oggetto dell&#8217;ordinaria gestione di questo sito) l&#8217;Autorit\u00e0 pu\u00f2 richiedere notizie e informazioni ai sensi dell&#8217;art 157 del d.lgs. n. 196\/2003, ai fini del controllo sul trattamento dei dati personali. In questi casi la risposta \u00e8 obbligatoria a pena di sanzione amministrativa.<\/p>\n<h4 class=\"blue-4-title\">Modalit\u00e0 del trattamento dei dati<\/h4>\n<p>A parte quanto specificato per i dati di navigazione, l&#8217;utente \u00e8 libero di fornire i dati personali riportati nei moduli di richiesta o comunque indicati in contatti per sollecitare l&#8217;invio di materiale informativo o di altre comunicazioni.<br \/>\nIl loro mancato conferimento pu\u00f2 comportare l&#8217;impossibilit\u00e0 di ottenere quanto richiesto.<br \/>\nPer completezza va ricordato che in alcuni casi (non oggetto dell&#8217;ordinaria gestione di questo sito) l&#8217;Autorit\u00e0 pu\u00f2 richiedere notizie e informazioni ai sensi dell&#8217;art 157 del d.lgs. n. 196\/2003, ai fini del controllo sul trattamento dei dati personali. In questi casi la risposta \u00e8 obbligatoria a pena di sanzione amministrativa.<\/p>\n<h4 class=\"blue-4-title\">Diritti degli interessati<\/h4>\n<p>I soggetti cui si riferiscono i dati personali hanno il diritto in qualunque momento di ottenere la conferma dell&#8217;esistenza o meno dei medesimi dati e di conoscerne il contenuto e l&#8217;origine, verificarne l&#8217;esattezza o chiederne l&#8217;integrazione o l&#8217;aggiornamento, oppure la rettificazione (art. 7 del d.lgs. n. 196\/2003).<br \/>\nAi sensi del medesimo articolo si ha il diritto di chiedere la cancellazione, la trasformazione in forma anonima o il blocco dei dati trattati in violazione di legge, nonch\u00e9 di opporsi in ogni caso, per motivi legittimi, al loro trattamento.<br \/>\nLe richieste vanno rivolte al Titolare del Trattamento al seguente indirizzo: <a href=\"mailto:info@tecfluid.it\">info@tecfluid.it<\/a><\/p>\n<h3 class=\"blue-3-title\">Tipi di dati trattati<\/h3>\n<p>&nbsp;<\/p>\n<h4 class=\"blue-4-title\">Finalit\u00e0 del trattamento dei dati<\/h4>\n<p>I sistemi informatici e le procedure software preposte al funzionamento di questo sito web acquisiscono, nel corso del loro normale esercizio, alcuni dati personali la cui trasmissione \u00e8 implicita nell&#8217;uso dei protocolli di comunicazione di Internet.<br \/>\nSi tratta di informazioni che non sono raccolte per essere associate a interessati identificati, ma che per loro stessa natura potrebbero, attraverso elaborazioni ed associazioni con dati detenuti da terzi, permettere di identificare gli utenti.<br \/>\nIn questa categoria di dati rientrano gli indirizzi IP o i nomi a dominio dei computer utilizzati dagli utenti che si connettono al sito, gli indirizzi in notazione URI (Uniform Resource Identifier) delle risorse richieste, l&#8217;orario della richiesta, il metodo utilizzato nel sottoporre la richiesta al server, la dimensione del file ottenuto in risposta, il codice numerico indicante lo stato della risposta data dal server (buon fine, errore, ecc.) ed altri parametri relativi al sistema operativo e all&#8217;ambiente informatico dell&#8217;utente.<br \/>\nQuesti dati vengono utilizzati al solo fine di ricavare informazioni statistiche anonime sull&#8217;uso del sito e per controllarne il corretto funzionamento e vengono cancellati immediatamente dopo l&#8217;elaborazione. I dati potrebbero essere utilizzati per l&#8217;accertamento di responsabilit\u00e0 in caso di ipotetici reati informatici ai danni del sito: salva questa eventualit\u00e0, allo stato i dati sui contatti web non persistono per pi\u00f9 di sette giorni.<\/p>\n<h4 class=\"blue-4-title\">Dati forniti volontariamente dall&#8217;utente<\/h4>\n<p>La compilazione del form e\/o l&#8217;invio facoltativo, esplicito e volontario di posta elettronica agli indirizzi indicati su questo sito comporta la successiva acquisizione dell&#8217;indirizzo del mittente, necessario per rispondere alle richieste, nonch\u00e9 degli eventuali altri dati personali inseriti nella richiesta.<\/p>\n<h3 class=\"blue-3-title\">COOKIES<\/h3>\n<p>&nbsp;<\/p>\n<h4 class=\"blue-4-title\">Cosa sono i cookie?<\/h4>\n<p>I cookie sono piccoli file di testo che i siti visitati dagli utenti inviano ai loro terminali, ove vengono memorizzati per essere poi ritrasmessi agli stessi siti alla visita successiva. I cookie delle c.d. &#8220;terze parti&#8221; vengono, invece, impostati da un sito web diverso da quello che l&#8217;utente sta visitando. Questo perch\u00e9 su ogni sito possono essere presenti elementi (immagini, mappe, suoni, specifici link a pagine web di altri domini, ecc.) che risiedono su server diversi da quello del sito visitato.<\/p>\n<h4 class=\"blue-4-title\">A cosa servono i cookie?<\/h4>\n<p>I cookie sono usati per differenti finalit\u00e0: esecuzione di autenticazioni informatiche, monitoraggio di sessioni, memorizzazione di informazioni su specifiche configurazioni riguardanti gli utenti che accedono al server, memorizzazione delle preferenze, ecc.<\/p>\n<h4 class=\"blue-4-title\">Cosa sono i cookie &#8220;tecnici&#8221;?<\/h4>\n<p>Sono i cookie che servono ad effettuare la navigazione o a fornire un servizio richiesto dall&#8217;utente. Non vengono utilizzati per scopi ulteriori e sono normalmente installati direttamente dal titolare del sito web.<\/p>\n<h4 class=\"blue-4-title\">Cosa sono i cookie &#8220;di profilazione&#8221;?<\/h4>\n<p>Sono i cookie utilizzati per tracciare la navigazione dell&#8217;utente in rete e creare profili sui suoi gusti, abitudini, scelte, ecc. Con questi cookie possono essere trasmessi al terminale dell&#8217;utente messaggi pubblicitari in linea con le preferenze gi\u00e0 manifestate dallo stesso utente nella navigazione online.<\/p>\n<h4 class=\"blue-4-title\">Cookie di terze parti utilizzati su questo sito<\/h4>\n<p>tecfluid.it utilizza Google Analytics, il quale raccoglie informazioni sulla provenienza delle visite ed altri dettagli generici non riconducibili ad una persona specifica, in quanto trattati in maniera generica. Per disabilitare la collezione dei dati, \u00e8 possibile installare questo <a href=\"https:\/\/tools.google.com\/dlpage\/gaoptout\" target=\"_blank\" rel=\"noopener\">plugin<\/a><\/p>\n<h4 class=\"blue-4-title\">Come posso controllare l&#8217;installazione di Cookie?<\/h4>\n<p>L&#8217;utente pu\u00f2 gestire le preferenze relative ai cookie direttamente all&#8217;interno del proprio browser ed impedire che terze parti possano installarne. Tramite le preferenze del browser \u00e8 inoltre possibile eliminare i cookie installati in passato. \u00c8 importante notare che disabilitando tutti i Cookie, il funzionamento di questo sito potrebbe essere compromesso. L&#8217;utente pu\u00f2 trovare informazioni su come gestire i cookie nel suo browser ai seguenti indirizzi: <a href=\"https:\/\/support.google.com\/chrome\/answer\/95647?hl=it&amp;p=cpn_cookies\" target=\"_blank\" rel=\"noopener\">Google Chrome<\/a>, <a href=\"https:\/\/support.mozilla.org\/it\/kb\/Attivare%20e%20disattivare%20i%20cookie\" target=\"_blank\" rel=\"noopener\">Mozilla Firefox<\/a>, <a href=\"https:\/\/support.apple.com\/kb\/PH19214?viewlocale=it_IT&amp;locale=en_US\" target=\"_blank\" rel=\"noopener\">Apple Safari<\/a> e <a href=\"http:\/\/windows.microsoft.com\/it-it\/windows-vista\/block-or-allow-cookies\" target=\"_blank\" rel=\"noopener\">Microsoft Windows Explorer.<\/a><\/p>\n<h4 class=\"blue-4-title\">Titolare del Trattamento dei Dati<\/h4>\n<p>Il &#8220;titolare&#8221; del trattamento \u00e8 TECFLUID S.r.l. (via Ragazzi del 99, n.38 Reggio Emilia &#8211; tel. 0522 926369 &#8211; fax 0522 922440)- e-mail:<\/p>\n<h3 class=\"blue-3-title\">Informativa sul trattamento dei dati personali (art. 13 D.lgs. 196\/2003)<\/h3>\n<p>&nbsp;<\/p>\n<h4 class=\"blue-4-title\">Soggetti Interessati: Candidati.<\/h4>\n<p>TECFLUID S.r.l., nella qualit\u00e0 di Titolare del trattamento dei Suoi dati personali, ai sensi e per gli effetti del D.Lgs. 30 Giugno 2003 n. 196 (&#8216;Codice in materia di protezione dei dati personali&#8217;), di seguito &#8216;Codice della Privacy&#8217;, con la presente La informa che la citata normativa prevede la tutela delle persone e di altri soggetti rispetto al trattamento dei dati personali e che tale trattamento sar\u00e0 improntato ai principi di correttezza, liceit\u00e0, trasparenza e di tutela della Sua riservatezza e dei Suoi diritti.<br \/>\nI Suoi dati personali verranno trattati in accordo alle disposizioni legislative della normativa sopra richiamata e degli obblighi di riservatezza ivi previsti.<br \/>\nFinalit\u00e0 di trattamento: in particolare i Suoi dati verranno trattati per finalit\u00e0 connesse all&#8217;attuazione dei seguenti adempimenti, relativi ad obblighi legislativi o contrattuali:<br \/>\n&#8211; Selezione del personale per l&#8217;instaurazione di un rapporto di lavoro.<br \/>\nIl trattamento dei dati funzionali per l&#8217;espletamento di tali obblighi \u00e8 necessario per una corretta gestione del rapporto e il loro conferimento \u00e8 obbligatorio per attuare le finalit\u00e0 sopra indicate. Il Titolare rende noto, inoltre, che l&#8217;eventuale non comunicazione, o comunicazione errata, di una delle informazioni obbligatorie, pu\u00f2 causare l&#8217;impossibilit\u00e0 del Titolare di garantire la congruit\u00e0 del trattamento stesso.<br \/>\nModalit\u00e0 del trattamento: i Suoi dati personali potranno essere trattati nei seguenti modi:<br \/>\n&#8211; Trattamento manuale a mezzo di archivi cartacei.<br \/>\n&#8211; Trattamento a mezzo di calcolatori elettronici.<br \/>\nOgni trattamento avviene nel rispetto delle modalit\u00e0 di cui agli artt. 11, 31 e seguenti del Codice della Privacy e mediante l&#8217;adozione delle misure minime di sicurezza previste dal disciplinare tecnico (Allegato B).<br \/>\nComunicazione: i Suoi dati saranno conservati presso la nostra sede e saranno comunicati esclusivamente ai soggetti competenti per l&#8217;espletamento dei servizi necessari ad una corretta gestione, con garanzia di tutela dei diritti dell&#8217;interessato. I Suoi dati saranno trattati unicamente da personale espressamente autorizzato dal Titolare.<br \/>\nDiffusione: I Suoi dati personali non verranno diffusi in alcun modo.<br \/>\nTitolare: il Titolare del trattamento dei dati, ai sensi della Legge, \u00e8 TECFLUID S.r.l. (Ragazzi del 99, n.38 Reggio Emilia &#8211; tel. 0522 926369 &#8211; fax 0522 922440) nella persona del suo legale rappresentante pro tempore.<br \/>\nHai diritto di ottenere dal titolare al trattamento la cancellazione, la comunicazione, l&#8217;aggiornamento, la rettificazione, l&#8217;integrazione dei dati personali che La riguardano, nonch\u00e9 in generale puoi esercitare tutti i diritti previsti dall&#8217;art. 7 del Codice della Privacy fornito in copia di seguito.<\/p>\n<h4 class=\"blue-4-title\">Decreto Legislativo n.196\/2003: Art. 7 &#8211; Diritto di accesso ai dati personali ed altri diritti<\/h4>\n<div>\n<p>1. L&#8217;interessato ha diritto di ottenere la conferma dell&#8217;esistenza o meno di dati personali che lo riguardano, anche se non ancora registrati, e la loro comunicazione in forma intelligibile.<\/p>\n<p>2. L&#8217;interessato ha diritto di ottenere l&#8217;indicazione:<\/p>\n<p class=\"f_left10\">a)<\/p>\n<p class=\"pad-left25\">dell&#8217;origine dei dati personali;<\/p>\n<p class=\"f_left10\">b)<\/p>\n<p class=\"pad-left25\">delle finalit\u00e0 e modalit\u00e0 del trattamento;<\/p>\n<p class=\"f_left10\">c)<\/p>\n<p class=\"pad-left25\">della logica applicata in caso di trattamento effettuato con l&#8217;ausilio di strumenti elettronici;<\/p>\n<p class=\"f_left10\">d)<\/p>\n<p class=\"pad-left25\">degli estremi identificativi del titolare, dei responsabili e del rappresentante designato ai sensi dell&#8217;articolo 5, comma 2;<\/p>\n<p class=\"f_left10\">e)<\/p>\n<p class=\"pad-left25\">dei soggetti o delle categorie di soggetti ai quali i dati personali possono essere comunicati o che possono venirne a conoscenza in qualit\u00e0 di rappresentante designato nel territorio dello Stato, di responsabili o incaricati.<\/p>\n<p>3. L&#8217;interessato ha diritto di ottenere:<\/p>\n<p class=\"f_left10\">a)<\/p>\n<p class=\"pad-left25\">l&#8217;aggiornamento, la rettificazione ovvero, quando vi ha interesse, l&#8217;integrazione dei dati;<\/p>\n<p class=\"f_left10\">b)<\/p>\n<p class=\"pad-left25\">la cancellazione, la trasformazione in forma anonima o il blocco dei dati trattati in violazione di legge, compresi quelli di cui non \u00e8 necessaria la conservazione in relazione agli scopi per i quali i dati sono stati raccolti o successivamente trattati;<\/p>\n<p class=\"f_left10\">c)<\/p>\n<p class=\"pad-left25\">l&#8217;attestazione che le operazioni di cui alle lettere a) e b) sono state portate a conoscenza, anche per quanto riguarda il loro contenuto, di coloro ai quali i dati sono stati comunicati o diffusi, eccettuato il caso in cui tale adempimento si rivela impossibile o comporta un impiego di mezzi manifestamente sproporzionato rispetto al diritto tutelato.<\/p>\n<p>4. L&#8217;interessato ha diritto di opporsi, in tutto o in parte:<\/p>\n<p class=\"f_left10\">a)<\/p>\n<p class=\"pad-left25\">per motivi legittimi al trattamento dei dati personali che lo riguardano, ancorch\u00e9 pertinenti allo scopo della raccolta;<\/p>\n<p class=\"f_left10\">b)<\/p>\n<p class=\"pad-left25\">al trattamento di dati personali che lo riguardano a fini di invio di materiale pubblicitario o di vendita diretta o per il compimento di ricerche di mercato o di comunicazione commerciale.<\/p>\n<p>Ho letto l&#8217;articolo 13 del Decreto legislativo 196\/2003 ed autorizzo il trattamento dei dati personali contenuti nel mio curriculum vitae<\/p>\n<\/div>\n<\/div>\n<p>[\/vc_column_text][\/vc_column][\/vc_row]<\/p>\n","protected":false},"excerpt":{"rendered":"<p>[vc_row row_btt_skin=&#8221;light&#8221; row_background_text_position=&#8221;front&#8221;][vc_column][vc_column_text] Perch\u00e9 questo avviso In questa pagina si [&hellip;]<\/p>\n","protected":false},"author":1,"featured_media":0,"parent":0,"menu_order":0,"comment_status":"closed","ping_status":"open","template":"","meta":{"footnotes":""},"class_list":["post-3","page","type-page","status-publish","hentry"],"yoast_head":"<!-- This site is optimized with the Yoast SEO plugin v27.5 - https:\/\/yoast.com\/product\/yoast-seo-wordpress\/ -->\n<title>Privacy Policy - Tecfluid<\/title>\n<meta name=\"robots\" content=\"index, follow, max-snippet:-1, max-image-preview:large, max-video-preview:-1\" \/>\n<link rel=\"canonical\" href=\"https:\/\/www.tecfluid.it\/it\/privacy-policy-22\/\" \/>\n<meta property=\"og:locale\" content=\"it_IT\" \/>\n<meta property=\"og:type\" content=\"article\" \/>\n<meta property=\"og:title\" content=\"Privacy Policy - Tecfluid\" \/>\n<meta property=\"og:description\" content=\"[vc_row row_btt_skin=&#8221;light&#8221; row_background_text_position=&#8221;front&#8221;][vc_column][vc_column_text] Perch\u00e9 questo avviso In questa pagina si [&hellip;]\" \/>\n<meta property=\"og:url\" content=\"https:\/\/www.tecfluid.it\/it\/privacy-policy-22\/\" \/>\n<meta property=\"og:site_name\" content=\"Tecfluid\" \/>\n<meta property=\"article:modified_time\" content=\"2022-09-29T10:50:02+00:00\" \/>\n<meta name=\"twitter:card\" content=\"summary_large_image\" \/>\n<meta name=\"twitter:label1\" content=\"Tempo di lettura stimato\" \/>\n\t<meta name=\"twitter:data1\" content=\"11 minuti\" \/>\n<script type=\"application\/ld+json\" class=\"yoast-schema-graph\">{\"@context\":\"https:\\\/\\\/schema.org\",\"@graph\":[{\"@type\":\"WebPage\",\"@id\":\"https:\\\/\\\/www.tecfluid.it\\\/it\\\/privacy-policy-22\\\/\",\"url\":\"https:\\\/\\\/www.tecfluid.it\\\/it\\\/privacy-policy-22\\\/\",\"name\":\"Privacy Policy - Tecfluid\",\"isPartOf\":{\"@id\":\"https:\\\/\\\/www.tecfluid.it\\\/it\\\/#website\"},\"datePublished\":\"2022-02-09T14:09:28+00:00\",\"dateModified\":\"2022-09-29T10:50:02+00:00\",\"breadcrumb\":{\"@id\":\"https:\\\/\\\/www.tecfluid.it\\\/it\\\/privacy-policy-22\\\/#breadcrumb\"},\"inLanguage\":\"it-IT\",\"potentialAction\":[{\"@type\":\"ReadAction\",\"target\":[\"https:\\\/\\\/www.tecfluid.it\\\/it\\\/privacy-policy-22\\\/\"]}]},{\"@type\":\"BreadcrumbList\",\"@id\":\"https:\\\/\\\/www.tecfluid.it\\\/it\\\/privacy-policy-22\\\/#breadcrumb\",\"itemListElement\":[{\"@type\":\"ListItem\",\"position\":1,\"name\":\"Home\",\"item\":\"https:\\\/\\\/www.tecfluid.it\\\/it\\\/\"},{\"@type\":\"ListItem\",\"position\":2,\"name\":\"Privacy Policy\"}]},{\"@type\":\"WebSite\",\"@id\":\"https:\\\/\\\/www.tecfluid.it\\\/it\\\/#website\",\"url\":\"https:\\\/\\\/www.tecfluid.it\\\/it\\\/\",\"name\":\"Tecfluid\",\"description\":\"\",\"publisher\":{\"@id\":\"https:\\\/\\\/www.tecfluid.it\\\/it\\\/#organization\"},\"potentialAction\":[{\"@type\":\"SearchAction\",\"target\":{\"@type\":\"EntryPoint\",\"urlTemplate\":\"https:\\\/\\\/www.tecfluid.it\\\/it\\\/?s={search_term_string}\"},\"query-input\":{\"@type\":\"PropertyValueSpecification\",\"valueRequired\":true,\"valueName\":\"search_term_string\"}}],\"inLanguage\":\"it-IT\"},{\"@type\":\"Organization\",\"@id\":\"https:\\\/\\\/www.tecfluid.it\\\/it\\\/#organization\",\"name\":\"Tecfluid\",\"url\":\"https:\\\/\\\/www.tecfluid.it\\\/it\\\/\",\"logo\":{\"@type\":\"ImageObject\",\"inLanguage\":\"it-IT\",\"@id\":\"https:\\\/\\\/www.tecfluid.it\\\/it\\\/#\\\/schema\\\/logo\\\/image\\\/\",\"url\":\"https:\\\/\\\/www.tecfluid.it\\\/wp-content\\\/uploads\\\/2022\\\/09\\\/TECFLUID-logo-verticale-1.jpg\",\"contentUrl\":\"https:\\\/\\\/www.tecfluid.it\\\/wp-content\\\/uploads\\\/2022\\\/09\\\/TECFLUID-logo-verticale-1.jpg\",\"width\":354,\"height\":336,\"caption\":\"Tecfluid\"},\"image\":{\"@id\":\"https:\\\/\\\/www.tecfluid.it\\\/it\\\/#\\\/schema\\\/logo\\\/image\\\/\"},\"sameAs\":[\"https:\\\/\\\/www.linkedin.com\\\/company\\\/tecfluid-srl\\\/\"]}]}<\/script>\n<!-- \/ Yoast SEO plugin. -->","yoast_head_json":{"title":"Privacy Policy - Tecfluid","robots":{"index":"index","follow":"follow","max-snippet":"max-snippet:-1","max-image-preview":"max-image-preview:large","max-video-preview":"max-video-preview:-1"},"canonical":"https:\/\/www.tecfluid.it\/it\/privacy-policy-22\/","og_locale":"it_IT","og_type":"article","og_title":"Privacy Policy - Tecfluid","og_description":"[vc_row row_btt_skin=&#8221;light&#8221; row_background_text_position=&#8221;front&#8221;][vc_column][vc_column_text] Perch\u00e9 questo avviso In questa pagina si [&hellip;]","og_url":"https:\/\/www.tecfluid.it\/it\/privacy-policy-22\/","og_site_name":"Tecfluid","article_modified_time":"2022-09-29T10:50:02+00:00","twitter_card":"summary_large_image","twitter_misc":{"Tempo di lettura stimato":"11 minuti"},"schema":{"@context":"https:\/\/schema.org","@graph":[{"@type":"WebPage","@id":"https:\/\/www.tecfluid.it\/it\/privacy-policy-22\/","url":"https:\/\/www.tecfluid.it\/it\/privacy-policy-22\/","name":"Privacy Policy - Tecfluid","isPartOf":{"@id":"https:\/\/www.tecfluid.it\/it\/#website"},"datePublished":"2022-02-09T14:09:28+00:00","dateModified":"2022-09-29T10:50:02+00:00","breadcrumb":{"@id":"https:\/\/www.tecfluid.it\/it\/privacy-policy-22\/#breadcrumb"},"inLanguage":"it-IT","potentialAction":[{"@type":"ReadAction","target":["https:\/\/www.tecfluid.it\/it\/privacy-policy-22\/"]}]},{"@type":"BreadcrumbList","@id":"https:\/\/www.tecfluid.it\/it\/privacy-policy-22\/#breadcrumb","itemListElement":[{"@type":"ListItem","position":1,"name":"Home","item":"https:\/\/www.tecfluid.it\/it\/"},{"@type":"ListItem","position":2,"name":"Privacy Policy"}]},{"@type":"WebSite","@id":"https:\/\/www.tecfluid.it\/it\/#website","url":"https:\/\/www.tecfluid.it\/it\/","name":"Tecfluid","description":"","publisher":{"@id":"https:\/\/www.tecfluid.it\/it\/#organization"},"potentialAction":[{"@type":"SearchAction","target":{"@type":"EntryPoint","urlTemplate":"https:\/\/www.tecfluid.it\/it\/?s={search_term_string}"},"query-input":{"@type":"PropertyValueSpecification","valueRequired":true,"valueName":"search_term_string"}}],"inLanguage":"it-IT"},{"@type":"Organization","@id":"https:\/\/www.tecfluid.it\/it\/#organization","name":"Tecfluid","url":"https:\/\/www.tecfluid.it\/it\/","logo":{"@type":"ImageObject","inLanguage":"it-IT","@id":"https:\/\/www.tecfluid.it\/it\/#\/schema\/logo\/image\/","url":"https:\/\/www.tecfluid.it\/wp-content\/uploads\/2022\/09\/TECFLUID-logo-verticale-1.jpg","contentUrl":"https:\/\/www.tecfluid.it\/wp-content\/uploads\/2022\/09\/TECFLUID-logo-verticale-1.jpg","width":354,"height":336,"caption":"Tecfluid"},"image":{"@id":"https:\/\/www.tecfluid.it\/it\/#\/schema\/logo\/image\/"},"sameAs":["https:\/\/www.linkedin.com\/company\/tecfluid-srl\/"]}]}},"_links":{"self":[{"href":"https:\/\/www.tecfluid.it\/it\/wp-json\/wp\/v2\/pages\/3","targetHints":{"allow":["GET"]}}],"collection":[{"href":"https:\/\/www.tecfluid.it\/it\/wp-json\/wp\/v2\/pages"}],"about":[{"href":"https:\/\/www.tecfluid.it\/it\/wp-json\/wp\/v2\/types\/page"}],"author":[{"embeddable":true,"href":"https:\/\/www.tecfluid.it\/it\/wp-json\/wp\/v2\/users\/1"}],"replies":[{"embeddable":true,"href":"https:\/\/www.tecfluid.it\/it\/wp-json\/wp\/v2\/comments?post=3"}],"version-history":[{"count":2,"href":"https:\/\/www.tecfluid.it\/it\/wp-json\/wp\/v2\/pages\/3\/revisions"}],"predecessor-version":[{"id":9159,"href":"https:\/\/www.tecfluid.it\/it\/wp-json\/wp\/v2\/pages\/3\/revisions\/9159"}],"wp:attachment":[{"href":"https:\/\/www.tecfluid.it\/it\/wp-json\/wp\/v2\/media?parent=3"}],"curies":[{"name":"wp","href":"https:\/\/api.w.org\/{rel}","templated":true}]}}